{"id":4795,"date":"2026-04-06T09:58:29","date_gmt":"2026-04-06T08:58:29","guid":{"rendered":"https:\/\/sadjiaceramica.com\/?post_type=product&#038;p=4795"},"modified":"2026-04-06T11:22:17","modified_gmt":"2026-04-06T10:22:17","slug":"andalous-copie","status":"publish","type":"product","link":"https:\/\/sadjiaceramica.com\/?product=andalous-copie","title":{"rendered":"Andalous"},"content":{"rendered":"<p>Le gr\u00e8s c\u00e9rame de la collection Santa Cruz est un rev\u00eatement d&#8217;exception produit gr\u00e2ce \u00e0 des proc\u00e9d\u00e9s industriels de pointe. Contrairement aux mat\u00e9riaux classiques ou fragiles, notre c\u00e9ramique est cr\u00e9\u00e9e \u00e0 partir de min\u00e9raux naturels rigoureusement purifi\u00e9s, press\u00e9s \u00e0 tr\u00e8s haute pression puis vitrifi\u00e9s \u00e0 des temp\u00e9ratures extr\u00eames. Nous croyons que personne ne devrait avoir \u00e0 faire de compromis entre la beaut\u00e9 d&#8217;un espace et sa fonctionnalit\u00e9. C&#8217;est pourquoi chaque carreau Santa Cruz est pens\u00e9 pour apporter une esth\u00e9tique visuelle absolue, tout en vous \u00e9pargnant les soucis li\u00e9s \u00e0 l&#8217;usure ou \u00e0 l&#8217;entretien au fil du temps.<\/p>\n<ul data-path-to-node=\"7\">\n<li>\n<p data-path-to-node=\"7,0,0\"><b data-path-to-node=\"7,0,0\" data-index-in-node=\"0\">Une large gamme de finitions :<\/b> Disponible en textures Cristalline, Satin\u00e9e ou Mate pour s&#8217;adapter \u00e0 toutes vos envies.<\/p>\n<\/li>\n<li>\n<p data-path-to-node=\"7,1,0\"><b data-path-to-node=\"7,1,0\" data-index-in-node=\"0\">Des mat\u00e9riaux d&#8217;excellence :<\/b> Des argiles et min\u00e9raux de haute puret\u00e9, sourc\u00e9s avec le plus grand soin.<\/p>\n<\/li>\n<li>\n<p data-path-to-node=\"7,2,0\"><b data-path-to-node=\"7,2,0\" data-index-in-node=\"0\">L&#8217;\u00e9quilibre parfait :<\/b> L&#8217;alliance id\u00e9ale entre l&#8217;\u00e9l\u00e9gance du design contemporain et une r\u00e9sistance industrielle.<\/p>\n<\/li>\n<li>\n<p data-path-to-node=\"7,3,0\"><b data-path-to-node=\"7,3,0\" data-index-in-node=\"0\">Une polyvalence absolue :<\/b> Id\u00e9al pour habiller les sols, les murs, les salons, les cuisines, les salles de bains et bien plus encore.<\/p>\n<\/li>\n<li>\n<p data-path-to-node=\"7,4,0\"><b data-path-to-node=\"7,4,0\" data-index-in-node=\"0\">Qualit\u00e9 Premium :<\/b> Une fabrication alg\u00e9rienne de derni\u00e8re g\u00e9n\u00e9ration (<i data-path-to-node=\"7,4,0\" data-index-in-node=\"69\">System Ceramics<\/i>), contr\u00f4l\u00e9e \u00e0 chaque \u00e9tape.<\/p>\n<\/li>\n<li>\n<p data-path-to-node=\"7,5,0\"><b data-path-to-node=\"7,5,0\" data-index-in-node=\"0\">Design Polyvalent :<\/b> Les nuances chaleureuses et le r\u00e9alisme des dalles Santa Cruz subliment chaque projet architectural.<\/p>\n<\/li>\n<li>\n<p data-path-to-node=\"7,6,0\"><b data-path-to-node=\"7,6,0\" data-index-in-node=\"0\">Durabilit\u00e9 Extr\u00eame :<\/b> Con\u00e7u pour r\u00e9sister aux passages intensifs, aux taches et \u00e0 l&#8217;\u00e9preuve du temps.<\/p>\n<\/li>\n<li>\n<p data-path-to-node=\"7,7,0\"><b data-path-to-node=\"7,7,0\" data-index-in-node=\"0\">Esth\u00e9tisme et Innovation :<\/b> Un d\u00e9veloppement des couleurs en tr\u00e8s haute d\u00e9finition associ\u00e9 \u00e0 un processus de cuisson optimis\u00e9.<\/p>\n<\/li>\n<\/ul>\n<figure><\/figure>\n","protected":false},"excerpt":{"rendered":"<p><span style=\"color: #b01c1c;\">\u2728 <strong data-start=\"499\" data-end=\"544\">Dalle effet onyx avec 5 faces diff\u00e9rentes<\/strong>, pour un rendu naturel et \u00e9l\u00e9gant.<\/span><br data-start=\"579\" data-end=\"582\" \/><span style=\"color: #b01c1c;\">\ud83c\udfe1 Parfaite pour un int\u00e9rieur moderne et raffin\u00e9.<\/span><\/p>\n","protected":false},"featured_media":4730,"comment_status":"open","ping_status":"closed","template":"","meta":[],"product_brand":[125],"product_cat":[105],"product_tag":[134],"class_list":{"0":"post-4795","1":"product","2":"type-product","3":"status-publish","4":"has-post-thumbnail","6":"product_brand-sadjia-ceram","7":"product_cat-dalle-de-sol","8":"product_tag-produit-de-haute-qualite","10":"first","11":"instock","12":"taxable","13":"shipping-taxable","14":"purchasable","15":"product-type-variable"},"_links":{"self":[{"href":"https:\/\/sadjiaceramica.com\/index.php?rest_route=\/wp\/v2\/product\/4795","targetHints":{"allow":["GET"]}}],"collection":[{"href":"https:\/\/sadjiaceramica.com\/index.php?rest_route=\/wp\/v2\/product"}],"about":[{"href":"https:\/\/sadjiaceramica.com\/index.php?rest_route=\/wp\/v2\/types\/product"}],"replies":[{"embeddable":true,"href":"https:\/\/sadjiaceramica.com\/index.php?rest_route=%2Fwp%2Fv2%2Fcomments&post=4795"}],"version-history":[{"count":5,"href":"https:\/\/sadjiaceramica.com\/index.php?rest_route=\/wp\/v2\/product\/4795\/revisions"}],"predecessor-version":[{"id":4812,"href":"https:\/\/sadjiaceramica.com\/index.php?rest_route=\/wp\/v2\/product\/4795\/revisions\/4812"}],"wp:featuredmedia":[{"embeddable":true,"href":"https:\/\/sadjiaceramica.com\/index.php?rest_route=\/wp\/v2\/media\/4730"}],"wp:attachment":[{"href":"https:\/\/sadjiaceramica.com\/index.php?rest_route=%2Fwp%2Fv2%2Fmedia&parent=4795"}],"wp:term":[{"taxonomy":"product_brand","embeddable":true,"href":"https:\/\/sadjiaceramica.com\/index.php?rest_route=%2Fwp%2Fv2%2Fproduct_brand&post=4795"},{"taxonomy":"product_cat","embeddable":true,"href":"https:\/\/sadjiaceramica.com\/index.php?rest_route=%2Fwp%2Fv2%2Fproduct_cat&post=4795"},{"taxonomy":"product_tag","embeddable":true,"href":"https:\/\/sadjiaceramica.com\/index.php?rest_route=%2Fwp%2Fv2%2Fproduct_tag&post=4795"}],"curies":[{"name":"wp","href":"https:\/\/api.w.org\/{rel}","templated":true}]}}