{"id":4820,"date":"2026-04-06T11:18:40","date_gmt":"2026-04-06T10:18:40","guid":{"rendered":"https:\/\/sadjiaceramica.com\/?post_type=product&#038;p=4820"},"modified":"2026-04-06T11:46:43","modified_gmt":"2026-04-06T10:46:43","slug":"berlin","status":"publish","type":"product","link":"https:\/\/sadjiaceramica.com\/?product=berlin","title":{"rendered":"Berlin"},"content":{"rendered":"<p data-start=\"300\" data-end=\"605\">Le gr\u00e8s c\u00e9rame effet onyx de cette collection incarne l\u2019alliance parfaite entre raffinement naturel et innovation technologique. Inspir\u00e9 par la noblesse de la pierre naturelle, chaque carreau r\u00e9v\u00e8le des nuances d\u00e9licates et des veines dor\u00e9es lumineuses qui apportent profondeur et caract\u00e8re \u00e0 vos espaces.<\/p>\n<p data-start=\"607\" data-end=\"927\">Con\u00e7u gr\u00e2ce \u00e0 des proc\u00e9d\u00e9s industriels de derni\u00e8re g\u00e9n\u00e9ration, ce rev\u00eatement est issu de min\u00e9raux naturels soigneusement s\u00e9lectionn\u00e9s, press\u00e9s \u00e0 tr\u00e8s haute densit\u00e9 puis vitrifi\u00e9s \u00e0 des temp\u00e9ratures extr\u00eames. Ce processus garantit une r\u00e9sistance exceptionnelle tout en conservant une esth\u00e9tique d\u2019une finesse remarquable.<\/p>\n<p data-start=\"929\" data-end=\"1211\">Pens\u00e9 pour r\u00e9pondre aux exigences des projets modernes, ce carrelage offre un \u00e9quilibre id\u00e9al entre \u00e9l\u00e9gance visuelle et performance technique. chaque pose devient unique, cr\u00e9ant un rendu naturel sans r\u00e9p\u00e9tition et un effet visuel haut de gamme.<\/p>\n<ul>\n<li data-start=\"1253\" data-end=\"1371\"><strong data-start=\"1253\" data-end=\"1279\">Esth\u00e9tique raffin\u00e9e : <\/strong>Un effet onyx lumineux sublim\u00e9 par des veines dor\u00e9es pour un rendu \u00e9l\u00e9gant et intemporel.<\/li>\n<li data-start=\"1471\" data-end=\"1594\"><strong data-start=\"1471\" data-end=\"1496\">Polyvalence totale : <\/strong>Parfait pour sols et murs : salons, chambres, cuisines, salles de bains et espaces commerciaux.<\/li>\n<li data-start=\"1596\" data-end=\"1704\"><strong data-start=\"1596\" data-end=\"1623\">\u00a0R\u00e9sistance optimale : <\/strong>Con\u00e7u pour supporter les passages intensifs, les chocs et l\u2019usure quotidienne.<\/li>\n<li data-start=\"1706\" data-end=\"1795\"><strong data-start=\"1706\" data-end=\"1729\">Entretien facile : <\/strong>Surface non poreuse r\u00e9sistante aux taches et facile \u00e0 nettoyer.<\/li>\n<li data-start=\"1797\" data-end=\"1905\"><strong data-start=\"1797\" data-end=\"1823\">Technologie avanc\u00e9e : <\/strong>Fabrication en gr\u00e8s c\u00e9rame haute densit\u00e9 avec cuisson \u00e0 tr\u00e8s haute temp\u00e9rature.<\/li>\n<li data-start=\"1907\" data-end=\"2018\"><strong data-start=\"1907\" data-end=\"1931\">Qualit\u00e9 premium : <\/strong>Production selon des standards industriels modernes pour une finition irr\u00e9prochable.<\/li>\n<\/ul>\n","protected":false},"excerpt":{"rendered":"<p><strong><span style=\"color: #993300;\">Dalle de sol en gr\u00e8s c\u00e9rame effet onyx blanc, sublim\u00e9e par des veines dor\u00e9es \u00e9l\u00e9gantes.<\/span><\/strong><br data-start=\"2385\" data-end=\"2388\" \/><strong><span style=\"color: #993300;\">Dot\u00e9e de 1 face<\/span><\/strong><br data-start=\"2465\" data-end=\"2468\" \/><strong><span style=\"color: #993300;\">Id\u00e9ale pour un int\u00e9rieur moderne, raffin\u00e9 et durable.<\/span><\/strong><\/p>\n","protected":false},"featured_media":4825,"comment_status":"open","ping_status":"closed","template":"","meta":[],"product_brand":[125],"product_cat":[105],"product_tag":[134],"class_list":{"0":"post-4820","1":"product","2":"type-product","3":"status-publish","4":"has-post-thumbnail","6":"product_brand-sadjia-ceram","7":"product_cat-dalle-de-sol","8":"product_tag-produit-de-haute-qualite","10":"first","11":"instock","12":"taxable","13":"shipping-taxable","14":"purchasable","15":"product-type-variable"},"_links":{"self":[{"href":"https:\/\/sadjiaceramica.com\/index.php?rest_route=\/wp\/v2\/product\/4820","targetHints":{"allow":["GET"]}}],"collection":[{"href":"https:\/\/sadjiaceramica.com\/index.php?rest_route=\/wp\/v2\/product"}],"about":[{"href":"https:\/\/sadjiaceramica.com\/index.php?rest_route=\/wp\/v2\/types\/product"}],"replies":[{"embeddable":true,"href":"https:\/\/sadjiaceramica.com\/index.php?rest_route=%2Fwp%2Fv2%2Fcomments&post=4820"}],"version-history":[{"count":5,"href":"https:\/\/sadjiaceramica.com\/index.php?rest_route=\/wp\/v2\/product\/4820\/revisions"}],"predecessor-version":[{"id":4833,"href":"https:\/\/sadjiaceramica.com\/index.php?rest_route=\/wp\/v2\/product\/4820\/revisions\/4833"}],"wp:featuredmedia":[{"embeddable":true,"href":"https:\/\/sadjiaceramica.com\/index.php?rest_route=\/wp\/v2\/media\/4825"}],"wp:attachment":[{"href":"https:\/\/sadjiaceramica.com\/index.php?rest_route=%2Fwp%2Fv2%2Fmedia&parent=4820"}],"wp:term":[{"taxonomy":"product_brand","embeddable":true,"href":"https:\/\/sadjiaceramica.com\/index.php?rest_route=%2Fwp%2Fv2%2Fproduct_brand&post=4820"},{"taxonomy":"product_cat","embeddable":true,"href":"https:\/\/sadjiaceramica.com\/index.php?rest_route=%2Fwp%2Fv2%2Fproduct_cat&post=4820"},{"taxonomy":"product_tag","embeddable":true,"href":"https:\/\/sadjiaceramica.com\/index.php?rest_route=%2Fwp%2Fv2%2Fproduct_tag&post=4820"}],"curies":[{"name":"wp","href":"https:\/\/api.w.org\/{rel}","templated":true}]}}