{"id":4867,"date":"2026-04-06T12:29:07","date_gmt":"2026-04-06T11:29:07","guid":{"rendered":"https:\/\/sadjiaceramica.com\/?post_type=product&#038;p=4867"},"modified":"2026-04-06T12:46:26","modified_gmt":"2026-04-06T11:46:26","slug":"chanel","status":"publish","type":"product","link":"https:\/\/sadjiaceramica.com\/?product=chanel","title":{"rendered":"Chanel"},"content":{"rendered":"\t\t<div data-elementor-type=\"product-post\" data-elementor-id=\"4867\" class=\"elementor elementor-4867\" data-elementor-post-type=\"product\">\n\t\t\t\t<div class=\"elementor-element elementor-element-3047b312 e-flex e-con-boxed e-con e-parent\" data-id=\"3047b312\" data-element_type=\"container\" data-e-type=\"container\">\n\t\t\t\t\t<div class=\"e-con-inner\">\n\t\t\t\t<div class=\"elementor-element elementor-element-7103d412 elementor-widget elementor-widget-text-editor\" data-id=\"7103d412\" data-element_type=\"widget\" data-e-type=\"widget\" data-widget_type=\"text-editor.default\">\n\t\t\t\t\t\t\t\t\t<p>Le gr\u00e8s c\u00e9rame de la collection Santa Cruz est un rev\u00eatement d&#8217;exception produit gr\u00e2ce \u00e0 des proc\u00e9d\u00e9s industriels de pointe. Contrairement aux mat\u00e9riaux classiques ou fragiles, notre c\u00e9ramique est cr\u00e9\u00e9e \u00e0 partir de min\u00e9raux naturels rigoureusement purifi\u00e9s, press\u00e9s \u00e0 tr\u00e8s haute pression puis vitrifi\u00e9s \u00e0 des temp\u00e9ratures extr\u00eames. Nous croyons que personne ne devrait avoir \u00e0 faire de compromis entre la beaut\u00e9 d&#8217;un espace et sa fonctionnalit\u00e9. C&#8217;est pourquoi chaque carreau Santa Cruz est pens\u00e9 pour apporter une esth\u00e9tique visuelle absolue, tout en vous \u00e9pargnant les soucis li\u00e9s \u00e0 l&#8217;usure ou \u00e0 l&#8217;entretien au fil du temps.<\/p><p>\u00a0<\/p><p>\u00a0<\/p><p>\u00a0<\/p><ul data-path-to-node=\"7\"><li><p data-path-to-node=\"7,0,0\"><b data-path-to-node=\"7,0,0\" data-index-in-node=\"0\">Une large gamme de finitions :<\/b> Disponible en textures Cristalline, Satin\u00e9e ou Mate pour s&#8217;adapter \u00e0 toutes vos envies.<\/p><\/li><li><p data-path-to-node=\"7,1,0\"><b data-path-to-node=\"7,1,0\" data-index-in-node=\"0\">Des mat\u00e9riaux d&#8217;excellence :<\/b> Des argiles et min\u00e9raux de haute puret\u00e9, sourc\u00e9s avec le plus grand soin.<\/p><\/li><li><p data-path-to-node=\"7,2,0\"><b data-path-to-node=\"7,2,0\" data-index-in-node=\"0\">L&#8217;\u00e9quilibre parfait :<\/b> L&#8217;alliance id\u00e9ale entre l&#8217;\u00e9l\u00e9gance du design contemporain et une r\u00e9sistance industrielle.<\/p><\/li><li><p data-path-to-node=\"7,3,0\"><b data-path-to-node=\"7,3,0\" data-index-in-node=\"0\">Une polyvalence absolue :<\/b> Id\u00e9al pour habiller les sols, les murs, les salons, les cuisines, les salles de bains et bien plus encore.<\/p><\/li><li><p data-path-to-node=\"7,4,0\"><b data-path-to-node=\"7,4,0\" data-index-in-node=\"0\">Qualit\u00e9 Premium :<\/b> Une fabrication alg\u00e9rienne de derni\u00e8re g\u00e9n\u00e9ration (<i data-path-to-node=\"7,4,0\" data-index-in-node=\"69\">System Ceramics<\/i>), contr\u00f4l\u00e9e \u00e0 chaque \u00e9tape.<\/p><\/li><li><p data-path-to-node=\"7,5,0\"><b data-path-to-node=\"7,5,0\" data-index-in-node=\"0\">Design Polyvalent :<\/b> Les nuances chaleureuses et le r\u00e9alisme des dalles Santa Cruz subliment chaque projet architectural.<\/p><\/li><li><p data-path-to-node=\"7,6,0\"><b data-path-to-node=\"7,6,0\" data-index-in-node=\"0\">Durabilit\u00e9 Extr\u00eame :<\/b> Con\u00e7u pour r\u00e9sister aux passages intensifs, aux taches et \u00e0 l&#8217;\u00e9preuve du temps.<\/p><\/li><li><p data-path-to-node=\"7,7,0\"><b data-path-to-node=\"7,7,0\" data-index-in-node=\"0\">Esth\u00e9tisme et Innovation :<\/b> Un d\u00e9veloppement des couleurs en tr\u00e8s haute d\u00e9finition associ\u00e9 \u00e0 un processus de cuisson optimis\u00e9.<\/p><\/li><\/ul>\t\t\t\t\t\t\t\t<\/div>\n\t\t\t\t\t<\/div>\n\t\t\t\t<\/div>\n\t\t<div class=\"elementor-element elementor-element-1b67230 e-grid e-con-full e-con e-parent\" data-id=\"1b67230\" data-element_type=\"container\" data-e-type=\"container\">\n\t\t\t\t<div class=\"elementor-element elementor-element-b1f3a45 animated-slow elementor-position-top elementor-invisible elementor-widget elementor-widget-image-box\" data-id=\"b1f3a45\" data-element_type=\"widget\" data-e-type=\"widget\" data-settings=\"{&quot;_animation&quot;:&quot;fadeIn&quot;}\" data-widget_type=\"image-box.default\">\n\t\t\t\t\t<div class=\"elementor-image-box-wrapper\"><figure class=\"elementor-image-box-img\"><img fetchpriority=\"high\" decoding=\"async\" width=\"352\" height=\"390\" src=\"https:\/\/sadjiaceramica.com\/wp-content\/uploads\/2025\/09\/Absorption-deau-1.png\" class=\"attachment-full size-full wp-image-4686\" alt=\"\" srcset=\"https:\/\/sadjiaceramica.com\/wp-content\/uploads\/2025\/09\/Absorption-deau-1.png 352w, https:\/\/sadjiaceramica.com\/wp-content\/uploads\/2025\/09\/Absorption-deau-1-271x300.png 271w, https:\/\/sadjiaceramica.com\/wp-content\/uploads\/2025\/09\/Absorption-deau-1-11x12.png 11w\" sizes=\"(max-width: 352px) 100vw, 352px\" \/><\/figure><div class=\"elementor-image-box-content\"><h3 class=\"elementor-image-box-title\">Absorption d'eau<\/h3><p class=\"elementor-image-box-description\">Tr\u00e8s faible (Gr\u00e8s C\u00e9rame)<\/p><\/div><\/div>\t\t\t\t<\/div>\n\t\t\t\t<div class=\"elementor-element elementor-element-81216cf animated-slow elementor-position-top elementor-invisible elementor-widget elementor-widget-image-box\" data-id=\"81216cf\" data-element_type=\"widget\" data-e-type=\"widget\" data-settings=\"{&quot;_animation&quot;:&quot;fadeIn&quot;}\" data-widget_type=\"image-box.default\">\n\t\t\t\t\t<div class=\"elementor-image-box-wrapper\"><figure class=\"elementor-image-box-img\"><img decoding=\"async\" width=\"378\" height=\"382\" src=\"https:\/\/sadjiaceramica.com\/wp-content\/uploads\/2025\/09\/size-1.png\" class=\"attachment-full size-full wp-image-4691\" alt=\"\" srcset=\"https:\/\/sadjiaceramica.com\/wp-content\/uploads\/2025\/09\/size-1.png 378w, https:\/\/sadjiaceramica.com\/wp-content\/uploads\/2025\/09\/size-1-297x300.png 297w, https:\/\/sadjiaceramica.com\/wp-content\/uploads\/2025\/09\/size-1-12x12.png 12w, https:\/\/sadjiaceramica.com\/wp-content\/uploads\/2025\/09\/size-1-90x90.png 90w, https:\/\/sadjiaceramica.com\/wp-content\/uploads\/2025\/09\/size-1-100x100.png 100w, https:\/\/sadjiaceramica.com\/wp-content\/uploads\/2025\/09\/size-1-50x50.png 50w, https:\/\/sadjiaceramica.com\/wp-content\/uploads\/2025\/09\/size-1-96x96.png 96w\" sizes=\"(max-width: 378px) 100vw, 378px\" \/><\/figure><div class=\"elementor-image-box-content\"><h3 class=\"elementor-image-box-title\">Format<\/h3><p class=\"elementor-image-box-description\">45x45 cm \/ 30x60 cm<\/p><\/div><\/div>\t\t\t\t<\/div>\n\t\t\t\t<div class=\"elementor-element elementor-element-5d1195f animated-slow elementor-position-top elementor-invisible elementor-widget elementor-widget-image-box\" data-id=\"5d1195f\" data-element_type=\"widget\" data-e-type=\"widget\" data-settings=\"{&quot;_animation&quot;:&quot;fadeIn&quot;}\" data-widget_type=\"image-box.default\">\n\t\t\t\t\t<div class=\"elementor-image-box-wrapper\"><figure class=\"elementor-image-box-img\"><img decoding=\"async\" width=\"392\" height=\"316\" src=\"https:\/\/sadjiaceramica.com\/wp-content\/uploads\/2025\/09\/epaisseur.png\" class=\"attachment-full size-full wp-image-4682\" alt=\"\" srcset=\"https:\/\/sadjiaceramica.com\/wp-content\/uploads\/2025\/09\/epaisseur.png 392w, https:\/\/sadjiaceramica.com\/wp-content\/uploads\/2025\/09\/epaisseur-300x242.png 300w, https:\/\/sadjiaceramica.com\/wp-content\/uploads\/2025\/09\/epaisseur-15x12.png 15w\" sizes=\"(max-width: 392px) 100vw, 392px\" \/><\/figure><div class=\"elementor-image-box-content\"><h3 class=\"elementor-image-box-title\">\u00c9paisseur<\/h3><p class=\"elementor-image-box-description\">8.9 mm<\/p><\/div><\/div>\t\t\t\t<\/div>\n\t\t\t\t<div class=\"elementor-element elementor-element-3f8526e animated-slow elementor-position-top elementor-invisible elementor-widget elementor-widget-image-box\" data-id=\"3f8526e\" data-element_type=\"widget\" data-e-type=\"widget\" data-settings=\"{&quot;_animation&quot;:&quot;fadeIn&quot;}\" data-widget_type=\"image-box.default\">\n\t\t\t\t\t<div class=\"elementor-image-box-wrapper\"><figure class=\"elementor-image-box-img\"><img loading=\"lazy\" decoding=\"async\" width=\"390\" height=\"387\" src=\"https:\/\/sadjiaceramica.com\/wp-content\/uploads\/2025\/09\/Finition.png\" class=\"attachment-full size-full wp-image-4683\" alt=\"\" srcset=\"https:\/\/sadjiaceramica.com\/wp-content\/uploads\/2025\/09\/Finition.png 390w, https:\/\/sadjiaceramica.com\/wp-content\/uploads\/2025\/09\/Finition-300x298.png 300w, https:\/\/sadjiaceramica.com\/wp-content\/uploads\/2025\/09\/Finition-150x150.png 150w, https:\/\/sadjiaceramica.com\/wp-content\/uploads\/2025\/09\/Finition-12x12.png 12w, https:\/\/sadjiaceramica.com\/wp-content\/uploads\/2025\/09\/Finition-90x90.png 90w, https:\/\/sadjiaceramica.com\/wp-content\/uploads\/2025\/09\/Finition-100x100.png 100w, https:\/\/sadjiaceramica.com\/wp-content\/uploads\/2025\/09\/Finition-50x50.png 50w, https:\/\/sadjiaceramica.com\/wp-content\/uploads\/2025\/09\/Finition-96x96.png 96w\" sizes=\"(max-width: 390px) 100vw, 390px\" \/><\/figure><div class=\"elementor-image-box-content\"><h3 class=\"elementor-image-box-title\">Finition<\/h3><p class=\"elementor-image-box-description\">Cristalline \/ Satin\u00e9e<\/p><\/div><\/div>\t\t\t\t<\/div>\n\t\t\t\t<div class=\"elementor-element elementor-element-40c75c5 animated-slow elementor-position-top elementor-invisible elementor-widget elementor-widget-image-box\" data-id=\"40c75c5\" data-element_type=\"widget\" data-e-type=\"widget\" data-settings=\"{&quot;_animation&quot;:&quot;fadeIn&quot;}\" data-widget_type=\"image-box.default\">\n\t\t\t\t\t<div class=\"elementor-image-box-wrapper\"><figure class=\"elementor-image-box-img\"><img loading=\"lazy\" decoding=\"async\" width=\"391\" height=\"387\" src=\"https:\/\/sadjiaceramica.com\/wp-content\/uploads\/2025\/09\/Poids.png\" class=\"attachment-full size-full wp-image-4684\" alt=\"\" srcset=\"https:\/\/sadjiaceramica.com\/wp-content\/uploads\/2025\/09\/Poids.png 391w, https:\/\/sadjiaceramica.com\/wp-content\/uploads\/2025\/09\/Poids-300x297.png 300w, https:\/\/sadjiaceramica.com\/wp-content\/uploads\/2025\/09\/Poids-12x12.png 12w, https:\/\/sadjiaceramica.com\/wp-content\/uploads\/2025\/09\/Poids-90x90.png 90w, https:\/\/sadjiaceramica.com\/wp-content\/uploads\/2025\/09\/Poids-100x100.png 100w, https:\/\/sadjiaceramica.com\/wp-content\/uploads\/2025\/09\/Poids-50x50.png 50w, https:\/\/sadjiaceramica.com\/wp-content\/uploads\/2025\/09\/Poids-96x96.png 96w\" sizes=\"(max-width: 391px) 100vw, 391px\" \/><\/figure><div class=\"elementor-image-box-content\"><h3 class=\"elementor-image-box-title\">Poids<\/h3><p class=\"elementor-image-box-description\">28 kg \/ carton<\/p><\/div><\/div>\t\t\t\t<\/div>\n\t\t\t\t<div class=\"elementor-element elementor-element-96b14ac animated-slow elementor-position-top elementor-invisible elementor-widget elementor-widget-image-box\" data-id=\"96b14ac\" data-element_type=\"widget\" data-e-type=\"widget\" data-settings=\"{&quot;_animation&quot;:&quot;fadeIn&quot;}\" data-widget_type=\"image-box.default\">\n\t\t\t\t\t<div class=\"elementor-image-box-wrapper\"><figure class=\"elementor-image-box-img\"><img loading=\"lazy\" decoding=\"async\" width=\"404\" height=\"342\" src=\"https:\/\/sadjiaceramica.com\/wp-content\/uploads\/2025\/09\/Conditionnement.png\" class=\"attachment-full size-full wp-image-4681\" alt=\"\" srcset=\"https:\/\/sadjiaceramica.com\/wp-content\/uploads\/2025\/09\/Conditionnement.png 404w, https:\/\/sadjiaceramica.com\/wp-content\/uploads\/2025\/09\/Conditionnement-300x254.png 300w, https:\/\/sadjiaceramica.com\/wp-content\/uploads\/2025\/09\/Conditionnement-14x12.png 14w\" sizes=\"(max-width: 404px) 100vw, 404px\" \/><\/figure><div class=\"elementor-image-box-content\"><h3 class=\"elementor-image-box-title\">Conditionnement<\/h3><p class=\"elementor-image-box-description\">7 carreaux \/ carton<\/p><\/div><\/div>\t\t\t\t<\/div>\n\t\t\t\t<\/div>\n\t\t\t\t<\/div>\n\t\t","protected":false},"excerpt":{"rendered":"<p><span style=\"color: #993300;\"><strong>Dalle de sol en gr\u00e8s c\u00e9rame effet marbre blanc, sublim\u00e9e par des veines dor\u00e9es \u00e9l\u00e9gantes.<\/strong><\/span><br data-start=\"2128\" data-end=\"2131\" \/><span style=\"color: #993300;\"><strong>Dot\u00e9e d\u2019une face unique pour un rendu uniforme et sophistiqu\u00e9.<\/strong><\/span><br data-start=\"2200\" data-end=\"2203\" \/><span style=\"color: #993300;\"><strong>Parfaite pour un int\u00e9rieur moderne, luxueux et intemporel.<\/strong><\/span><\/p>\n","protected":false},"featured_media":4882,"comment_status":"open","ping_status":"closed","template":"","meta":[],"product_brand":[125],"product_cat":[105],"product_tag":[134],"class_list":{"0":"post-4867","1":"product","2":"type-product","3":"status-publish","4":"has-post-thumbnail","6":"product_brand-sadjia-ceram","7":"product_cat-dalle-de-sol","8":"product_tag-produit-de-haute-qualite","10":"first","11":"instock","12":"taxable","13":"shipping-taxable","14":"purchasable","15":"product-type-variable"},"_links":{"self":[{"href":"https:\/\/sadjiaceramica.com\/index.php?rest_route=\/wp\/v2\/product\/4867","targetHints":{"allow":["GET"]}}],"collection":[{"href":"https:\/\/sadjiaceramica.com\/index.php?rest_route=\/wp\/v2\/product"}],"about":[{"href":"https:\/\/sadjiaceramica.com\/index.php?rest_route=\/wp\/v2\/types\/product"}],"replies":[{"embeddable":true,"href":"https:\/\/sadjiaceramica.com\/index.php?rest_route=%2Fwp%2Fv2%2Fcomments&post=4867"}],"version-history":[{"count":5,"href":"https:\/\/sadjiaceramica.com\/index.php?rest_route=\/wp\/v2\/product\/4867\/revisions"}],"predecessor-version":[{"id":4890,"href":"https:\/\/sadjiaceramica.com\/index.php?rest_route=\/wp\/v2\/product\/4867\/revisions\/4890"}],"wp:featuredmedia":[{"embeddable":true,"href":"https:\/\/sadjiaceramica.com\/index.php?rest_route=\/wp\/v2\/media\/4882"}],"wp:attachment":[{"href":"https:\/\/sadjiaceramica.com\/index.php?rest_route=%2Fwp%2Fv2%2Fmedia&parent=4867"}],"wp:term":[{"taxonomy":"product_brand","embeddable":true,"href":"https:\/\/sadjiaceramica.com\/index.php?rest_route=%2Fwp%2Fv2%2Fproduct_brand&post=4867"},{"taxonomy":"product_cat","embeddable":true,"href":"https:\/\/sadjiaceramica.com\/index.php?rest_route=%2Fwp%2Fv2%2Fproduct_cat&post=4867"},{"taxonomy":"product_tag","embeddable":true,"href":"https:\/\/sadjiaceramica.com\/index.php?rest_route=%2Fwp%2Fv2%2Fproduct_tag&post=4867"}],"curies":[{"name":"wp","href":"https:\/\/api.w.org\/{rel}","templated":true}]}}