{"id":4937,"date":"2026-04-06T14:14:18","date_gmt":"2026-04-06T13:14:18","guid":{"rendered":"https:\/\/sadjiaceramica.com\/?post_type=product&#038;p=4937"},"modified":"2026-04-06T15:12:10","modified_gmt":"2026-04-06T14:12:10","slug":"calacata","status":"publish","type":"product","link":"https:\/\/sadjiaceramica.com\/?product=calacata","title":{"rendered":"Calacata"},"content":{"rendered":"<p data-start=\"177\" data-end=\"443\">Le gr\u00e8s c\u00e9rame effet marbre de la collection <strong data-start=\"222\" data-end=\"235\">Calacatta<\/strong> incarne l\u2019\u00e9l\u00e9gance minimaliste et la puret\u00e9 du design contemporain. Son fond blanc lumineux, travers\u00e9 par de fines veines grises d\u00e9licates, apporte une sensation d\u2019espace, de clart\u00e9 et de raffinement absolu.<\/p>\n<p data-start=\"445\" data-end=\"793\">Inspir\u00e9 du c\u00e9l\u00e8bre marbre Calacatta, ce carrelage reproduit avec pr\u00e9cision les subtilit\u00e9s naturelles de la pierre, tout en offrant les performances techniques du gr\u00e8s c\u00e9rame. Fabriqu\u00e9 \u00e0 partir de min\u00e9raux soigneusement s\u00e9lectionn\u00e9s, il est press\u00e9 \u00e0 haute densit\u00e9 puis cuit \u00e0 des temp\u00e9ratures extr\u00eames afin de garantir une r\u00e9sistance exceptionnelle.<\/p>\n<p data-start=\"795\" data-end=\"987\">Dot\u00e9 de <strong data-start=\"803\" data-end=\"826\">3 faces diff\u00e9rentes<\/strong>, le mod\u00e8le Calacatta offre une variation naturelle ma\u00eetris\u00e9e, permettant d\u2019obtenir un rendu harmonieux sans r\u00e9p\u00e9tition excessive, id\u00e9al pour les grands espaces.<\/p>\n<p data-start=\"989\" data-end=\"1126\">Pens\u00e9 pour sublimer les int\u00e9rieurs modernes, ce rev\u00eatement s\u2019int\u00e8gre parfaitement dans des ambiances \u00e9pur\u00e9es, \u00e9l\u00e9gantes et intemporelles.<\/p>\n<ul>\n<li data-start=\"1168\" data-end=\"1276\"><strong data-start=\"1168\" data-end=\"1192\">Esth\u00e9tique \u00e9pur\u00e9e : <\/strong>Effet marbre blanc avec veines grises fines pour un rendu minimaliste et \u00e9l\u00e9gant.<\/li>\n<li data-start=\"1278\" data-end=\"1373\"><strong data-start=\"1278\" data-end=\"1304\">3 faces diff\u00e9rentes : <\/strong>Variations naturelles pour un rendu harmonieux et sans r\u00e9p\u00e9tition.<\/li>\n<li data-start=\"1375\" data-end=\"1475\"><strong data-start=\"1375\" data-end=\"1400\">Polyvalence totale : <\/strong>Adapt\u00e9 aux sols et murs : salons, chambres, cuisines et salles de bains.<\/li>\n<li data-start=\"1477\" data-end=\"1574\"><strong data-start=\"1477\" data-end=\"1504\">R\u00e9sistance optimale : <\/strong>Con\u00e7u pour supporter les passages intensifs et l\u2019usure quotidienne.<\/li>\n<li data-start=\"1576\" data-end=\"1666\"><strong data-start=\"1576\" data-end=\"1599\">Entretien facile : <\/strong>Surface non poreuse, r\u00e9sistante aux taches et simple \u00e0 nettoyer.<\/li>\n<li data-start=\"1668\" data-end=\"1761\"><strong data-start=\"1668\" data-end=\"1694\">Technologie avanc\u00e9e : <\/strong>Gr\u00e8s c\u00e9rame haute densit\u00e9 avec cuisson \u00e0 tr\u00e8s haute temp\u00e9rature.<\/li>\n<li data-start=\"1763\" data-end=\"1863\"><strong data-start=\"1763\" data-end=\"1787\">\ud83c\udde9\ud83c\uddff Qualit\u00e9 premium : <\/strong>Fabrication selon des standards modernes pour une finition irr\u00e9prochable.<\/li>\n<\/ul>\n","protected":false},"excerpt":{"rendered":"<p><span style=\"color: #993300;\"><strong>Dalle de sol en gr\u00e8s c\u00e9rame effet marbre Calacatta, au design blanc \u00e9pur\u00e9 avec veines grises fines.<\/strong><\/span><br data-start=\"2189\" data-end=\"2192\" \/><span style=\"color: #993300;\"><strong>Dot\u00e9e de 3 faces diff\u00e9rentes pour un rendu naturel et harmonieux.<\/strong><\/span><br data-start=\"2264\" data-end=\"2267\" \/><span style=\"color: #993300;\"><strong>Id\u00e9ale pour un int\u00e9rieur moderne, lumineux et raffin\u00e9.<\/strong><\/span><\/p>\n","protected":false},"featured_media":4944,"comment_status":"open","ping_status":"closed","template":"","meta":[],"product_brand":[125],"product_cat":[105],"product_tag":[134],"class_list":{"0":"post-4937","1":"product","2":"type-product","3":"status-publish","4":"has-post-thumbnail","6":"product_brand-sadjia-ceram","7":"product_cat-dalle-de-sol","8":"product_tag-produit-de-haute-qualite","10":"first","11":"instock","12":"taxable","13":"shipping-taxable","14":"purchasable","15":"product-type-variable"},"_links":{"self":[{"href":"https:\/\/sadjiaceramica.com\/index.php?rest_route=\/wp\/v2\/product\/4937","targetHints":{"allow":["GET"]}}],"collection":[{"href":"https:\/\/sadjiaceramica.com\/index.php?rest_route=\/wp\/v2\/product"}],"about":[{"href":"https:\/\/sadjiaceramica.com\/index.php?rest_route=\/wp\/v2\/types\/product"}],"replies":[{"embeddable":true,"href":"https:\/\/sadjiaceramica.com\/index.php?rest_route=%2Fwp%2Fv2%2Fcomments&post=4937"}],"version-history":[{"count":4,"href":"https:\/\/sadjiaceramica.com\/index.php?rest_route=\/wp\/v2\/product\/4937\/revisions"}],"predecessor-version":[{"id":4956,"href":"https:\/\/sadjiaceramica.com\/index.php?rest_route=\/wp\/v2\/product\/4937\/revisions\/4956"}],"wp:featuredmedia":[{"embeddable":true,"href":"https:\/\/sadjiaceramica.com\/index.php?rest_route=\/wp\/v2\/media\/4944"}],"wp:attachment":[{"href":"https:\/\/sadjiaceramica.com\/index.php?rest_route=%2Fwp%2Fv2%2Fmedia&parent=4937"}],"wp:term":[{"taxonomy":"product_brand","embeddable":true,"href":"https:\/\/sadjiaceramica.com\/index.php?rest_route=%2Fwp%2Fv2%2Fproduct_brand&post=4937"},{"taxonomy":"product_cat","embeddable":true,"href":"https:\/\/sadjiaceramica.com\/index.php?rest_route=%2Fwp%2Fv2%2Fproduct_cat&post=4937"},{"taxonomy":"product_tag","embeddable":true,"href":"https:\/\/sadjiaceramica.com\/index.php?rest_route=%2Fwp%2Fv2%2Fproduct_tag&post=4937"}],"curies":[{"name":"wp","href":"https:\/\/api.w.org\/{rel}","templated":true}]}}