{"id":4958,"date":"2026-04-06T15:13:47","date_gmt":"2026-04-06T14:13:47","guid":{"rendered":"https:\/\/sadjiaceramica.com\/?post_type=product&#038;p=4958"},"modified":"2026-04-06T15:53:19","modified_gmt":"2026-04-06T14:53:19","slug":"bristol","status":"publish","type":"product","link":"https:\/\/sadjiaceramica.com\/?product=bristol","title":{"rendered":"Bristol"},"content":{"rendered":"<p data-start=\"196\" data-end=\"500\">Le gr\u00e8s c\u00e9rame effet pierre de la collection <strong data-start=\"241\" data-end=\"252\">Brostol<\/strong> se distingue par son caract\u00e8re min\u00e9ral authentique et son esth\u00e9tique contemporaine. Son fond gris nuanc\u00e9, riche en textures et en d\u00e9tails, reproduit fid\u00e8lement l\u2019aspect brut et naturel de la pierre, apportant profondeur et modernit\u00e9 \u00e0 vos espaces.<\/p>\n<p data-start=\"502\" data-end=\"729\">Con\u00e7u \u00e0 partir de mati\u00e8res premi\u00e8res soigneusement s\u00e9lectionn\u00e9es, ce carrelage est press\u00e9 \u00e0 tr\u00e8s haute densit\u00e9 puis cuit \u00e0 des temp\u00e9ratures extr\u00eames, garantissant une r\u00e9sistance exceptionnelle face aux contraintes du quotidien.<\/p>\n<p data-start=\"731\" data-end=\"891\">Dot\u00e9 d\u2019<strong data-start=\"738\" data-end=\"756\">une seule face<\/strong>, le mod\u00e8le Brostol offre un rendu homog\u00e8ne et structur\u00e9, id\u00e9al pour les projets recherchant une continuit\u00e9 visuelle sobre et \u00e9l\u00e9gante.<\/p>\n<p data-start=\"893\" data-end=\"1038\">Pens\u00e9 pour s\u2019int\u00e9grer aussi bien dans des environnements modernes qu\u2019industriels, ce rev\u00eatement allie robustesse, praticit\u00e9 et design intemporel.<\/p>\n<ul>\n<li data-start=\"1080\" data-end=\"1196\"><strong data-start=\"1080\" data-end=\"1106\">Esth\u00e9tique min\u00e9rale<\/strong>Effet pierre\/granit gris avec textures naturelles pour un rendu moderne et authentique.<\/li>\n<li data-start=\"1080\" data-end=\"1196\"><strong data-start=\"1198\" data-end=\"1218\">1 face unique : <\/strong>Aspect uniforme pour une continuit\u00e9 visuelle parfaite.<\/li>\n<li data-start=\"1277\" data-end=\"1388\"><strong data-start=\"1277\" data-end=\"1302\">Polyvalence totale : <\/strong>Id\u00e9al pour sols et murs : salons, cuisines, salles de bains et espaces commerciaux.<\/li>\n<li data-start=\"1390\" data-end=\"1487\"><strong data-start=\"1390\" data-end=\"1417\">R\u00e9sistance optimale : <\/strong>Con\u00e7u pour supporter les passages intensifs et l\u2019usure quotidienne.<\/li>\n<li data-start=\"1489\" data-end=\"1578\"><strong data-start=\"1489\" data-end=\"1512\">Entretien facile : <\/strong>Surface non poreuse r\u00e9sistante aux taches et simple \u00e0 nettoyer.<\/li>\n<li data-start=\"1580\" data-end=\"1673\"><strong data-start=\"1580\" data-end=\"1606\">Technologie avanc\u00e9e : <\/strong>Gr\u00e8s c\u00e9rame haute densit\u00e9 avec cuisson \u00e0 tr\u00e8s haute temp\u00e9rature.<\/li>\n<li data-start=\"1675\" data-end=\"1775\"><strong data-start=\"1675\" data-end=\"1699\">\ud83c\udde9\ud83c\uddff Qualit\u00e9 premium : <\/strong>Fabrication selon des standards modernes pour une finition irr\u00e9prochable.<\/li>\n<\/ul>\n","protected":false},"excerpt":{"rendered":"<p><span style=\"color: #993300;\"><strong data-start=\"1976\" data-end=\"2026\">Dalle de sol en gr\u00e8s c\u00e9rame effet pierre<\/strong>, au rendu naturel et contemporain.<\/span><br data-start=\"2061\" data-end=\"2064\" \/><span style=\"color: #993300;\">Dot\u00e9e d\u2019<strong data-start=\"2075\" data-end=\"2094\">une face unique<\/strong> pour un aspect uniforme et structur\u00e9.<\/span><br data-start=\"2132\" data-end=\"2135\" \/><span style=\"color: #993300;\">Parfaite pour un int\u00e9rieur moderne, industriel et durable.<\/span><\/p>\n","protected":false},"featured_media":4968,"comment_status":"open","ping_status":"closed","template":"","meta":[],"product_brand":[125],"product_cat":[105],"product_tag":[134],"class_list":{"0":"post-4958","1":"product","2":"type-product","3":"status-publish","4":"has-post-thumbnail","6":"product_brand-sadjia-ceram","7":"product_cat-dalle-de-sol","8":"product_tag-produit-de-haute-qualite","10":"first","11":"instock","12":"taxable","13":"shipping-taxable","14":"purchasable","15":"product-type-variable"},"_links":{"self":[{"href":"https:\/\/sadjiaceramica.com\/index.php?rest_route=\/wp\/v2\/product\/4958","targetHints":{"allow":["GET"]}}],"collection":[{"href":"https:\/\/sadjiaceramica.com\/index.php?rest_route=\/wp\/v2\/product"}],"about":[{"href":"https:\/\/sadjiaceramica.com\/index.php?rest_route=\/wp\/v2\/types\/product"}],"replies":[{"embeddable":true,"href":"https:\/\/sadjiaceramica.com\/index.php?rest_route=%2Fwp%2Fv2%2Fcomments&post=4958"}],"version-history":[{"count":3,"href":"https:\/\/sadjiaceramica.com\/index.php?rest_route=\/wp\/v2\/product\/4958\/revisions"}],"predecessor-version":[{"id":4983,"href":"https:\/\/sadjiaceramica.com\/index.php?rest_route=\/wp\/v2\/product\/4958\/revisions\/4983"}],"wp:featuredmedia":[{"embeddable":true,"href":"https:\/\/sadjiaceramica.com\/index.php?rest_route=\/wp\/v2\/media\/4968"}],"wp:attachment":[{"href":"https:\/\/sadjiaceramica.com\/index.php?rest_route=%2Fwp%2Fv2%2Fmedia&parent=4958"}],"wp:term":[{"taxonomy":"product_brand","embeddable":true,"href":"https:\/\/sadjiaceramica.com\/index.php?rest_route=%2Fwp%2Fv2%2Fproduct_brand&post=4958"},{"taxonomy":"product_cat","embeddable":true,"href":"https:\/\/sadjiaceramica.com\/index.php?rest_route=%2Fwp%2Fv2%2Fproduct_cat&post=4958"},{"taxonomy":"product_tag","embeddable":true,"href":"https:\/\/sadjiaceramica.com\/index.php?rest_route=%2Fwp%2Fv2%2Fproduct_tag&post=4958"}],"curies":[{"name":"wp","href":"https:\/\/api.w.org\/{rel}","templated":true}]}}