{"id":5148,"date":"2026-04-07T12:55:32","date_gmt":"2026-04-07T11:55:32","guid":{"rendered":"https:\/\/sadjiaceramica.com\/?post_type=product&#038;p=5148"},"modified":"2026-04-07T13:12:44","modified_gmt":"2026-04-07T12:12:44","slug":"colorado","status":"publish","type":"product","link":"https:\/\/sadjiaceramica.com\/?product=colorado","title":{"rendered":"Colorado"},"content":{"rendered":"<p data-start=\"199\" data-end=\"468\">Le gr\u00e8s c\u00e9rame effet pierre de la collection <strong data-start=\"244\" data-end=\"255\">Clorado<\/strong> se distingue par son esth\u00e9tique chaleureuse et ses nuances naturelles inspir\u00e9es des pierres min\u00e9rales. Ses teintes <strong data-start=\"371\" data-end=\"390\">beige et marron<\/strong>, subtilement m\u00e9lang\u00e9es, apportent profondeur et authenticit\u00e9 \u00e0 chaque espace.<\/p>\n<p data-start=\"470\" data-end=\"654\">Son design riche en d\u00e9tails, avec des variations d\u00e9licates et des textures min\u00e9rales, cr\u00e9e un rendu visuel \u00e9l\u00e9gant et vivant, id\u00e9al pour des ambiances \u00e0 la fois modernes et naturelles.<\/p>\n<p data-start=\"656\" data-end=\"879\">Fabriqu\u00e9 \u00e0 partir de mati\u00e8res premi\u00e8res soigneusement s\u00e9lectionn\u00e9es, ce carrelage est press\u00e9 \u00e0 tr\u00e8s haute densit\u00e9 puis cuit \u00e0 des temp\u00e9ratures extr\u00eames, garantissant une r\u00e9sistance optimale et une durabilit\u00e9 exceptionnelle.<\/p>\n<p data-start=\"881\" data-end=\"1028\">Disponible en <strong data-start=\"895\" data-end=\"909\">2 couleurs<\/strong>, le mod\u00e8le Clorado permet de personnaliser vos espaces tout en conservant une harmonie visuelle naturelle et raffin\u00e9e.<\/p>\n<p data-start=\"1030\" data-end=\"1154\">Parfait pour les projets r\u00e9sidentiels comme commerciaux, ce rev\u00eatement allie robustesse, esth\u00e9tisme et facilit\u00e9 d\u2019entretien.<\/p>\n<ul>\n<li data-start=\"1196\" data-end=\"1287\"><strong data-start=\"1196\" data-end=\"1225\">2 couleurs disponibles : <\/strong>Beige et Marron pour une ambiance chaleureuse et naturelle.<\/li>\n<li data-start=\"1289\" data-end=\"1378\"><strong data-start=\"1289\" data-end=\"1315\">Esth\u00e9tique min\u00e9rale : <\/strong>Effet pierre avec textures riches pour un rendu authentique.<\/li>\n<li data-start=\"1380\" data-end=\"1491\"><strong data-start=\"1380\" data-end=\"1405\">Polyvalence totale : <\/strong>Id\u00e9al pour sols et murs : salons, cuisines, salles de bains et espaces commerciaux.<\/li>\n<li data-start=\"1493\" data-end=\"1590\"><strong data-start=\"1493\" data-end=\"1520\">R\u00e9sistance optimale : <\/strong>Con\u00e7u pour supporter les passages intensifs et l\u2019usure quotidienne.<\/li>\n<li data-start=\"1592\" data-end=\"1681\"><strong data-start=\"1592\" data-end=\"1615\">Entretien facile : <\/strong>Surface non poreuse r\u00e9sistante aux taches et simple \u00e0 nettoyer.<\/li>\n<li data-start=\"1592\" data-end=\"1681\"><strong data-start=\"1683\" data-end=\"1709\">Technologie avanc\u00e9e : <\/strong>Gr\u00e8s c\u00e9rame haute densit\u00e9 avec cuisson \u00e0 tr\u00e8s haute temp\u00e9rature.<\/li>\n<li data-start=\"1778\" data-end=\"1878\"><strong data-start=\"1778\" data-end=\"1802\">\ud83c\udde9\ud83c\uddff Qualit\u00e9 premium : <\/strong>Fabrication selon des standards modernes pour une finition irr\u00e9prochable.<\/li>\n<\/ul>\n","protected":false},"excerpt":{"rendered":"<p><strong><span style=\"color: #993300;\">Dalle de sol en gr\u00e8s c\u00e9rame effet pierre, aux nuances naturelles beige et marron.<\/span><\/strong><br data-start=\"2177\" data-end=\"2180\" \/><strong><span style=\"color: #993300;\">Disponible en 2 couleurs pour une ambiance chaleureuse et \u00e9l\u00e9gante.<\/span><\/strong><br data-start=\"2254\" data-end=\"2257\" \/><strong><span style=\"color: #993300;\">Id\u00e9ale pour un int\u00e9rieur moderne, naturel et durable.<\/span><\/strong><\/p>\n","protected":false},"featured_media":5180,"comment_status":"open","ping_status":"closed","template":"","meta":[],"product_brand":[125],"product_cat":[105],"product_tag":[134],"class_list":{"0":"post-5148","1":"product","2":"type-product","3":"status-publish","4":"has-post-thumbnail","6":"product_brand-sadjia-ceram","7":"product_cat-dalle-de-sol","8":"product_tag-produit-de-haute-qualite","10":"first","11":"instock","12":"taxable","13":"shipping-taxable","14":"purchasable","15":"product-type-variable"},"_links":{"self":[{"href":"https:\/\/sadjiaceramica.com\/index.php?rest_route=\/wp\/v2\/product\/5148","targetHints":{"allow":["GET"]}}],"collection":[{"href":"https:\/\/sadjiaceramica.com\/index.php?rest_route=\/wp\/v2\/product"}],"about":[{"href":"https:\/\/sadjiaceramica.com\/index.php?rest_route=\/wp\/v2\/types\/product"}],"replies":[{"embeddable":true,"href":"https:\/\/sadjiaceramica.com\/index.php?rest_route=%2Fwp%2Fv2%2Fcomments&post=5148"}],"version-history":[{"count":3,"href":"https:\/\/sadjiaceramica.com\/index.php?rest_route=\/wp\/v2\/product\/5148\/revisions"}],"predecessor-version":[{"id":5203,"href":"https:\/\/sadjiaceramica.com\/index.php?rest_route=\/wp\/v2\/product\/5148\/revisions\/5203"}],"wp:featuredmedia":[{"embeddable":true,"href":"https:\/\/sadjiaceramica.com\/index.php?rest_route=\/wp\/v2\/media\/5180"}],"wp:attachment":[{"href":"https:\/\/sadjiaceramica.com\/index.php?rest_route=%2Fwp%2Fv2%2Fmedia&parent=5148"}],"wp:term":[{"taxonomy":"product_brand","embeddable":true,"href":"https:\/\/sadjiaceramica.com\/index.php?rest_route=%2Fwp%2Fv2%2Fproduct_brand&post=5148"},{"taxonomy":"product_cat","embeddable":true,"href":"https:\/\/sadjiaceramica.com\/index.php?rest_route=%2Fwp%2Fv2%2Fproduct_cat&post=5148"},{"taxonomy":"product_tag","embeddable":true,"href":"https:\/\/sadjiaceramica.com\/index.php?rest_route=%2Fwp%2Fv2%2Fproduct_tag&post=5148"}],"curies":[{"name":"wp","href":"https:\/\/api.w.org\/{rel}","templated":true}]}}